{"id":245,"date":"2024-04-18T17:31:32","date_gmt":"2024-04-18T23:31:32","guid":{"rendered":"https:\/\/www.beforama.art\/portafolio-ingles\/"},"modified":"2024-04-19T11:19:25","modified_gmt":"2024-04-19T17:19:25","slug":"portfolio","status":"publish","type":"page","link":"https:\/\/www.beforama.art\/en\/portfolio\/","title":{"rendered":"Portfolio"},"content":{"rendered":"<div id=\"cs-content\" class=\"cs-content\"><\/div>\n","protected":false},"excerpt":{"rendered":"<p>PortfolioEl instante amarillo 001El instante amarillo 046El instante amarillo 166El instante amarillo 174El reino de la calavera de cristal 001El reino de la calavera de cristal 002El reino de la calavera de cristal 003Habla Mar\u00eda 006Habla Mar\u00eda 010Habla Mar\u00eda 012Habla Mar\u00eda 018Matar al candidato 002Matar al candidato 007Matar al candidato 035Matar al candidato 040Straight Edge 002Straight Edge 007Uncle Bill 016Uncle &#8230; <\/p>\n<div><a href=\"https:\/\/www.beforama.art\/en\/portfolio\/\" class=\"more-link\">Read More<\/a><\/div>\n","protected":false},"author":1,"featured_media":0,"parent":0,"menu_order":0,"comment_status":"closed","ping_status":"closed","template":"template-blank-1.php","meta":{"_acf_changed":false,"footnotes":""},"class_list":["post-245","page","type-page","status-publish","hentry","no-post-thumbnail"],"acf":[],"_links":{"self":[{"href":"https:\/\/www.beforama.art\/en\/wp-json\/wp\/v2\/pages\/245","targetHints":{"allow":["GET"]}}],"collection":[{"href":"https:\/\/www.beforama.art\/en\/wp-json\/wp\/v2\/pages"}],"about":[{"href":"https:\/\/www.beforama.art\/en\/wp-json\/wp\/v2\/types\/page"}],"author":[{"embeddable":true,"href":"https:\/\/www.beforama.art\/en\/wp-json\/wp\/v2\/users\/1"}],"replies":[{"embeddable":true,"href":"https:\/\/www.beforama.art\/en\/wp-json\/wp\/v2\/comments?post=245"}],"version-history":[{"count":3,"href":"https:\/\/www.beforama.art\/en\/wp-json\/wp\/v2\/pages\/245\/revisions"}],"predecessor-version":[{"id":248,"href":"https:\/\/www.beforama.art\/en\/wp-json\/wp\/v2\/pages\/245\/revisions\/248"}],"wp:attachment":[{"href":"https:\/\/www.beforama.art\/en\/wp-json\/wp\/v2\/media?parent=245"}],"curies":[{"name":"wp","href":"https:\/\/api.w.org\/{rel}","templated":true}]}}